{"id":81510,"date":"2019-05-21T13:17:09","date_gmt":"2019-05-21T11:17:09","guid":{"rendered":"https:\/\/heads.pl\/serwis\/"},"modified":"2023-04-04T13:51:39","modified_gmt":"2023-04-04T11:51:39","slug":"service","status":"publish","type":"page","link":"https:\/\/heads.pl\/en\/service\/","title":{"rendered":"Service"},"content":{"rendered":"<div class=\"wpb-content-wrapper\"><p>[vc_row row_height_percent=&#8221;0&#8243; override_padding=&#8221;yes&#8221; h_padding=&#8221;2&#8243; top_padding=&#8221;3&#8243; bottom_padding=&#8221;3&#8243; back_color=&#8221;color-650789&#8243; overlay_alpha=&#8221;50&#8243; gutter_size=&#8221;3&#8243; column_width_percent=&#8221;100&#8243; border_color=&#8221;color-xsdn&#8221; border_style=&#8221;solid&#8221; shift_y=&#8221;0&#8243; z_index=&#8221;0&#8243; css=&#8221;.vc_custom_1568189287607{border-top-width: 18px !important;}&#8221;][vc_column column_width_percent=&#8221;100&#8243; position_vertical=&#8221;middle&#8221; gutter_size=&#8221;3&#8243; overlay_alpha=&#8221;50&#8243; border_color=&#8221;color-gyho&#8221; border_style=&#8221;solid&#8221; shift_x=&#8221;0&#8243; shift_y=&#8221;0&#8243; shift_y_down=&#8221;0&#8243; z_index=&#8221;0&#8243; medium_width=&#8221;0&#8243; mobile_width=&#8221;0&#8243; width=&#8221;1\/3&#8243; css=&#8221;.vc_custom_1559287357043{border-right-width: 1px !important;padding-right: 30px !important;}&#8221;][vc_custom_heading text_color=&#8221;color-156426&#8243; heading_semantic=&#8221;h3&#8243; text_font=&#8221;font-555555&#8243; text_size=&#8221;30&#8243; text_weight=&#8221;900&#8243; text_transform=&#8221;uppercase&#8221; sub_lead=&#8221;yes&#8221; sub_reduced=&#8221;yes&#8221; uncode_shortcode_id=&#8221;141424&#8243; text_color_type=&#8221;uncode-palette&#8221;]Mud Engineering[\/vc_custom_heading][\/vc_column][vc_column column_width_percent=&#8221;100&#8243; position_vertical=&#8221;middle&#8221; gutter_size=&#8221;3&#8243; overlay_alpha=&#8221;50&#8243; shift_x=&#8221;0&#8243; shift_y=&#8221;0&#8243; shift_y_down=&#8221;0&#8243; z_index=&#8221;0&#8243; medium_width=&#8221;0&#8243; mobile_width=&#8221;0&#8243; width=&#8221;2\/3&#8243;][vc_custom_heading heading_semantic=&#8221;h3&#8243; text_size=&#8221;h3&#8243; text_weight=&#8221;200&#8243; uncode_shortcode_id=&#8221;127692&#8243; el_class=&#8221;font-podslider&#8221;]HEADS provides qualified engineers for the duration of the drilling process.[\/vc_custom_heading][\/vc_column][\/vc_row][vc_row row_height_percent=&#8221;0&#8243; override_padding=&#8221;yes&#8221; h_padding=&#8221;2&#8243; top_padding=&#8221;2&#8243; bottom_padding=&#8221;3&#8243; back_color=&#8221;color-124052&#8243; overlay_alpha=&#8221;50&#8243; gutter_size=&#8221;3&#8243; column_width_percent=&#8221;100&#8243; border_color=&#8221;color-uydo&#8221; border_style=&#8221;solid&#8221; shift_y=&#8221;0&#8243; z_index=&#8221;0&#8243; css=&#8221;.vc_custom_1568189359359{border-top-width: 1px !important;}&#8221;][vc_column column_width_percent=&#8221;100&#8243; position_horizontal=&#8221;left&#8221; gutter_size=&#8221;3&#8243; overlay_alpha=&#8221;50&#8243; shift_x=&#8221;0&#8243; shift_y=&#8221;0&#8243; shift_y_down=&#8221;0&#8243; z_index=&#8221;0&#8243; medium_width=&#8221;0&#8243; mobile_width=&#8221;0&#8243; width=&#8221;1\/3&#8243;][vc_icon icon=&#8221;fa fa-checkmark-circle&#8221; icon_color=&#8221;color-156426&#8243; size=&#8221;fa-3x&#8221; el_class=&#8221;align_center&#8221;][\/vc_icon][vc_column_text uncode_shortcode_id=&#8221;186360&#8243;]<strong>The analysis of the expected costs is carried out on an ongoing basis based on the documentation provided, specifying the technical parameters of the project.<\/strong><strong><br \/>\n<\/strong>HEADS prepares drilling technological programs based on the composition of the drilling fluid, its physical and rheological parameters. Company performs an analysis of downhole pressures which decrease the risk of unwanted blowouts during HDD or to prepare sufficient equipment during microtunelling.[\/vc_column_text][\/vc_column][vc_column width=&#8221;1\/3&#8243;][vc_icon icon=&#8221;fa fa-checkmark-circle&#8221; icon_color=&#8221;color-156426&#8243; size=&#8221;fa-3x&#8221; el_class=&#8221;align_center&#8221;][\/vc_icon][vc_column_text uncode_shortcode_id=&#8221;179899&#8243;]<strong>Making the right and quick decisions is ensured by the constant presence of a HEADS mud engineer.<\/strong><strong><br \/>\n<\/strong>In order to achieve the right parameters in the drilling process, optimize its duration, ensure the safety of the work carried out and cost reduction, it is recommended that the HEADS service\u00a0participates in the design phase of drilling works.[\/vc_column_text][\/vc_column][vc_column width=&#8221;1\/3&#8243;][vc_icon icon=&#8221;fa fa-checkmark-circle&#8221; icon_color=&#8221;color-156426&#8243; size=&#8221;fa-3x&#8221; el_class=&#8221;align_center&#8221;][\/vc_icon][vc_column_text uncode_shortcode_id=&#8221;194863&#8243;]<strong>The employed team is not only a well-educated engineering staff with many years of experience in working with drilling fluids<\/strong>, but on top of all, we are specialists who can solve any problem related to the wide range of directional drilling issues that bother the contractor.[\/vc_column_text][\/vc_column][\/vc_row][vc_row row_height_percent=&#8221;0&#8243; override_padding=&#8221;yes&#8221; h_padding=&#8221;2&#8243; top_padding=&#8221;3&#8243; bottom_padding=&#8221;3&#8243; back_color=&#8221;color-124052&#8243; overlay_alpha=&#8221;50&#8243; gutter_size=&#8221;3&#8243; column_width_percent=&#8221;100&#8243; border_color=&#8221;color-uydo&#8221; border_style=&#8221;solid&#8221; shift_y=&#8221;0&#8243; z_index=&#8221;0&#8243; css=&#8221;.vc_custom_1568189710179{border-top-width: 1px !important;}&#8221;][vc_column column_width_percent=&#8221;100&#8243; gutter_size=&#8221;3&#8243; overlay_alpha=&#8221;50&#8243; border_color=&#8221;color-jevc&#8221; shift_x=&#8221;0&#8243; shift_y=&#8221;0&#8243; shift_y_down=&#8221;0&#8243; z_index=&#8221;0&#8243; medium_width=&#8221;0&#8243; mobile_width=&#8221;0&#8243; width=&#8221;1\/3&#8243;][vc_custom_heading text_color=&#8221;color-156426&#8243; text_size=&#8221;h3&#8243; text_weight=&#8221;200&#8243; text_transform=&#8221;uppercase&#8221; uncode_shortcode_id=&#8221;570231&#8243; text_color_type=&#8221;uncode-palette&#8221;]Professional<br \/>\ntesting<br \/>\nequipment<br \/>\napplication<br \/>\nincluding:[\/vc_custom_heading][uncode_list icon=&#8221;fa fa-check&#8221; icon_color=&#8221;color-156426&#8243; uncode_shortcode_id=&#8221;136901&#8243; icon_color_type=&#8221;uncode-palette&#8221;]<\/p>\n<ul>\n<li>various speed viscometer<\/li>\n<li>Mud balance<\/li>\n<li>Filter presses<\/li>\n<li>Marsh cone<\/li>\n<li>Sand content kit<\/li>\n<li>Solid phase control kit<\/li>\n<li>Digital pH metres<\/li>\n<li>Digital conductivity meter<\/li>\n<li>Chemical analysis kit<\/li>\n<li>Thermal conductivity tool<\/li>\n<li>Retort kit<\/li>\n<li>Lubricity tester<\/li>\n<li>Spectrophotometer<\/li>\n<li>Laser particle size analyzer<\/li>\n<\/ul>\n<p>[\/uncode_list][\/vc_column][vc_column column_width_percent=&#8221;100&#8243; gutter_size=&#8221;3&#8243; overlay_alpha=&#8221;50&#8243; shift_x=&#8221;0&#8243; shift_y=&#8221;0&#8243; shift_y_down=&#8221;0&#8243; z_index=&#8221;0&#8243; medium_width=&#8221;0&#8243; mobile_width=&#8221;0&#8243; width=&#8221;2\/3&#8243;][vc_custom_heading text_color=&#8221;color-156426&#8243; text_weight=&#8221;400&#8243; text_transform=&#8221;uppercase&#8221; uncode_shortcode_id=&#8221;139485&#8243; text_color_type=&#8221;uncode-palette&#8221;]Our mud service offers the following:[\/vc_custom_heading][uncode_list icon=&#8221;fa fa-check&#8221; icon_color=&#8221;color-156426&#8243; uncode_shortcode_id=&#8221;902667&#8243; icon_color_type=&#8221;uncode-palette&#8221;]<\/p>\n<ul>\n<li>Designing requested type of drilling fluid and selecting its physical and rheological parameters based on the provided results of geological research.<\/li>\n<li>Geological structure research based on drilling parameters and cuttings samples, due to lack of geological research<\/li>\n<li>Constant control of drilling mud parameters in accordance with the mud program in correlation with the encountered geological conditions<\/li>\n<li>Drilling fluid laboratory tests.<\/li>\n<li>Control of drilling parameters (drilling progress, mud pump output, weight on the bit, pulling force, drilling tool rotation, torque) in correlation with geology, type of drilling device, technical parameters of the project, etc.<\/li>\n<li>Proper drilling tools advise.<\/li>\n<li>Preparation of daily mud reports and technological analyses.<\/li>\n<li>Checking the efficiency of the mud cleaning equipment.<\/li>\n<li>On time delivery of drilling fluids components and consumption reports.<\/li>\n<li>Drilling technology and borehole hydraulics general advise<\/li>\n<li>Stability of the borehole wall, cleaning it of cuttings, preparing the hole for pipe installation.<\/li>\n<li>Fast and safe pipeline installation.<\/li>\n<\/ul>\n<p>[\/uncode_list][\/vc_column][\/vc_row][vc_row row_height_percent=&#8221;60&#8243; back_image=&#8221;79741&#8243; back_position=&#8221;center top&#8221; overlay_alpha=&#8221;50&#8243; gutter_size=&#8221;3&#8243; column_width_percent=&#8221;100&#8243; shift_y=&#8221;0&#8243; z_index=&#8221;0&#8243;][vc_column column_width_percent=&#8221;100&#8243; position_vertical=&#8221;middle&#8221; align_horizontal=&#8221;align_right&#8221; gutter_size=&#8221;3&#8243; style=&#8221;dark&#8221; overlay_alpha=&#8221;50&#8243; shift_x=&#8221;0&#8243; shift_y=&#8221;0&#8243; shift_y_down=&#8221;0&#8243; z_index=&#8221;0&#8243; medium_width=&#8221;0&#8243; mobile_width=&#8221;0&#8243; width=&#8221;1\/4&#8243;][\/vc_column][vc_column column_width_percent=&#8221;100&#8243; position_vertical=&#8221;middle&#8221; align_horizontal=&#8221;align_right&#8221; gutter_size=&#8221;2&#8243; style=&#8221;dark&#8221; overlay_alpha=&#8221;50&#8243; shift_x=&#8221;0&#8243; shift_y=&#8221;0&#8243; shift_y_down=&#8221;0&#8243; z_index=&#8221;0&#8243; medium_width=&#8221;0&#8243; mobile_width=&#8221;0&#8243; width=&#8221;3\/4&#8243;][vc_custom_heading text_color=&#8221;color-xsdn&#8221; text_size=&#8221;h1&#8243; text_transform=&#8221;uppercase&#8221; uncode_shortcode_id=&#8221;176650&#8243; text_color_type=&#8221;uncode-palette&#8221;]Laboratory[\/vc_custom_heading][vc_custom_heading text_color=&#8221;color-gyho&#8221; text_size=&#8221;h3&#8243; text_weight=&#8221;200&#8243; text_transform=&#8221;uppercase&#8221; uncode_shortcode_id=&#8221;214514&#8243; text_color_type=&#8221;uncode-palette&#8221;]HEADS performs intensive laboratory tests<br \/>\nfor the systematic monitoring of our products quality.[\/vc_custom_heading][vc_column_text text_lead=&#8221;yes&#8221; uncode_shortcode_id=&#8221;120976&#8243;]Our engineers works on new technology solutions to satisfy trenchless market expectations. Research and development department constantly works on implementation new ideas that are used in making most complex projects. During the tests we use professional measuring equipment, that is way you are assured of receiving top-class products.[\/vc_column_text][\/vc_column][\/vc_row][vc_row row_height_percent=&#8221;0&#8243; override_padding=&#8221;yes&#8221; h_padding=&#8221;2&#8243; top_padding=&#8221;2&#8243; bottom_padding=&#8221;2&#8243; back_color=&#8221;color-124052&#8243; overlay_alpha=&#8221;50&#8243; gutter_size=&#8221;3&#8243; column_width_percent=&#8221;100&#8243; shift_y=&#8221;0&#8243; z_index=&#8221;0&#8243;][vc_column width=&#8221;1\/1&#8243;][vc_custom_heading text_color=&#8221;color-156426&#8243; text_size=&#8221;h1&#8243; text_weight=&#8221;400&#8243; text_transform=&#8221;uppercase&#8221; uncode_shortcode_id=&#8221;110111&#8243; text_color_type=&#8221;uncode-palette&#8221;]Trainings[\/vc_custom_heading][vc_custom_heading text_color=&#8221;color-156426&#8243; text_size=&#8221;h3&#8243; text_weight=&#8221;200&#8243; text_transform=&#8221;uppercase&#8221; sub_lead=&#8221;yes&#8221; sub_reduced=&#8221;yes&#8221; subheading=&#8221;Hundreds of drillers, superintendents and other crew members took advantage of the opportunity to learn more about new methods of drilling, fluids technology, downhole tools, risk management in hdd projects.&#8221; uncode_shortcode_id=&#8221;178198&#8243; text_color_type=&#8221;uncode-palette&#8221;]Hundreds of designers, drillers, superintendents and other crew members took advantage of the opportunity to learn more about new methods of drilling, fluids technology, downhole tools, risk management, etc in hdd projects.[\/vc_custom_heading][\/vc_column][\/vc_row][vc_row row_height_percent=&#8221;0&#8243; overlay_alpha=&#8221;50&#8243; gutter_size=&#8221;3&#8243; column_width_percent=&#8221;100&#8243; shift_y=&#8221;0&#8243; z_index=&#8221;0&#8243; desktop_visibility=&#8221;yes&#8221; medium_visibility=&#8221;yes&#8221; mobile_visibility=&#8221;yes&#8221; uncode_shortcode_id=&#8221;637203&#8243;][vc_column column_width_percent=&#8221;100&#8243; gutter_size=&#8221;3&#8243; overlay_alpha=&#8221;50&#8243; border_color=&#8221;color-gyho&#8221; shift_x=&#8221;0&#8243; shift_y=&#8221;0&#8243; shift_y_down=&#8221;0&#8243; z_index=&#8221;0&#8243; medium_width=&#8221;0&#8243; mobile_width=&#8221;0&#8243; width=&#8221;1\/3&#8243;][vc_custom_heading text_color=&#8221;color-156426&#8243; text_font=&#8221;font-718681&#8243; text_size=&#8221;h4&#8243; text_weight=&#8221;200&#8243; text_transform=&#8221;uppercase&#8221;]Seminarium jest skierowane do:[\/vc_custom_heading][uncode_list icon=&#8221;fa fa-check&#8221; icon_color=&#8221;color-156426&#8243;]<\/p>\n<ul>\n<li>kierownik\u00f3w rob\u00f3t budowlanych i wiertniczych<\/li>\n<li>wiertaczy<\/li>\n<li>operator\u00f3w system\u00f3w lokalizacji<\/li>\n<li>operator\u00f3w system\u00f3w p\u0142uczkowych<\/li>\n<li>projektant\u00f3w<\/li>\n<\/ul>\n<p>[\/uncode_list][vc_column_text]Seminaria tematyczne prowadzone s\u0105 przez in\u017cynier\u00f3w firmy HEADS oraz zaproszonych go\u015bci.\u00a0Uczestnicy seminarium otrzymuj\u0105 materia\u0142y szkoleniowe zawieraj\u0105ce niepublikowane dane techniczne.[\/vc_column_text][\/vc_column][vc_column column_width_percent=&#8221;100&#8243; gutter_size=&#8221;3&#8243; overlay_alpha=&#8221;50&#8243; border_color=&#8221;color-gyho&#8221; shift_x=&#8221;0&#8243; shift_y=&#8221;0&#8243; shift_y_down=&#8221;0&#8243; z_index=&#8221;0&#8243; medium_width=&#8221;0&#8243; mobile_width=&#8221;0&#8243; width=&#8221;2\/3&#8243;][vc_custom_heading text_color=&#8221;color-156426&#8243; text_font=&#8221;font-718681&#8243; text_size=&#8221;h4&#8243; text_weight=&#8221;200&#8243; text_transform=&#8221;uppercase&#8221;]Przyk\u0142adowe zagadnienia szkoleniowe:[\/vc_custom_heading][vc_row_inner][vc_column_inner width=&#8221;1\/2&#8243;][uncode_list icon=&#8221;fa fa-check&#8221; icon_color=&#8221;color-156426&#8243;]<\/p>\n<ul>\n<li>funkcje p\u0142yn\u00f3w wiertniczych<\/li>\n<li>komponenty system\u00f3w p\u0142uczkowych<\/li>\n<li>interpretacja danych geotechnicznych<\/li>\n<li>planowanie otwor\u00f3w kierunkowych &#8211; kontrola trajektorii<\/li>\n<li>narz\u0119dzia do wiercenia pilotowego i poszerzania otworu<\/li>\n<li>konfiguracja element\u00f3w przewodu wiertniczego<\/li>\n<\/ul>\n<p>[\/uncode_list][\/vc_column_inner][vc_column_inner width=&#8221;1\/2&#8243;][uncode_list icon=&#8221;fa fa-check&#8221; icon_color=&#8221;color-156426&#8243;]<\/p>\n<ul>\n<li>hydrualika otworowa<\/li>\n<li>transport zwiercin w otworze poziomym<\/li>\n<li>zjawisko tarcia w otworze wiertniczym<\/li>\n<li>analiza momentu obrotowego i wyt\u0119\u017ce\u0144<\/li>\n<li>instalacje rur stalowych i polietylenowych<\/li>\n<li>problematyka balastowania ruroci\u0105g\u00f3w<\/li>\n<li>problemy i komplikacje wiertnicze<\/li>\n<li>operacje wiertnicze &#8211; rekomendowane procedury<\/li>\n<\/ul>\n<p>[\/uncode_list][\/vc_column_inner][\/vc_row_inner][\/vc_column][\/vc_row][vc_row][vc_column width=&#8221;1\/1&#8243;][uncode_block id=&#8221;80918&#8243;][\/vc_column][\/vc_row]<\/p>\n<\/div>","protected":false},"excerpt":{"rendered":"<p>[vc_row row_height_percent=&#8221;0&#8243; override_padding=&#8221;yes&#8221; h_padding=&#8221;2&#8243; top_padding=&#8221;3&#8243; bottom_padding=&#8221;3&#8243; back_color=&#8221;color-650789&#8243; overlay_alpha=&#8221;50&#8243; gutter_size=&#8221;3&#8243; column_width_percent=&#8221;100&#8243; border_color=&#8221;color-xsdn&#8221; border_style=&#8221;solid&#8221; shift_y=&#8221;0&#8243; z_index=&#8221;0&#8243; css=&#8221;.vc_custom_1568189287607{border-top-width: 18px !important;}&#8221;][vc_column column_width_percent=&#8221;100&#8243; position_vertical=&#8221;middle&#8221; gutter_size=&#8221;3&#8243; [&hellip;]<\/p>\n","protected":false},"author":1,"featured_media":0,"parent":0,"menu_order":0,"comment_status":"closed","ping_status":"closed","template":"","meta":{"footnotes":""},"class_list":["post-81510","page","type-page","status-publish","hentry"],"yoast_head":"<!-- This site is optimized with the Yoast SEO plugin v26.5 - https:\/\/yoast.com\/wordpress\/plugins\/seo\/ -->\n<title>Service - Heads<\/title>\n<meta name=\"robots\" content=\"index, follow, max-snippet:-1, max-image-preview:large, max-video-preview:-1\" \/>\n<link rel=\"canonical\" href=\"https:\/\/heads.pl\/en\/service\/\" \/>\n<meta property=\"og:locale\" content=\"en_US\" \/>\n<meta property=\"og:type\" content=\"article\" \/>\n<meta property=\"og:title\" content=\"Service - Heads\" \/>\n<meta property=\"og:description\" content=\"[vc_row row_height_percent=&#8221;0&#8243; override_padding=&#8221;yes&#8221; h_padding=&#8221;2&#8243; top_padding=&#8221;3&#8243; bottom_padding=&#8221;3&#8243; back_color=&#8221;color-650789&#8243; overlay_alpha=&#8221;50&#8243; gutter_size=&#8221;3&#8243; column_width_percent=&#8221;100&#8243; border_color=&#8221;color-xsdn&#8221; border_style=&#8221;solid&#8221; shift_y=&#8221;0&#8243; z_index=&#8221;0&#8243; css=&#8221;.vc_custom_1568189287607{border-top-width: 18px !important;}&#8221;][vc_column column_width_percent=&#8221;100&#8243; position_vertical=&#8221;middle&#8221; gutter_size=&#8221;3&#8243; [&hellip;]\" \/>\n<meta property=\"og:url\" content=\"https:\/\/heads.pl\/en\/service\/\" \/>\n<meta property=\"og:site_name\" content=\"Heads\" \/>\n<meta property=\"article:modified_time\" content=\"2023-04-04T11:51:39+00:00\" \/>\n<meta name=\"twitter:card\" content=\"summary_large_image\" \/>\n<meta name=\"twitter:label1\" content=\"Est. reading time\" \/>\n\t<meta name=\"twitter:data1\" content=\"8 minutes\" \/>\n<script type=\"application\/ld+json\" class=\"yoast-schema-graph\">{\"@context\":\"https:\/\/schema.org\",\"@graph\":[{\"@type\":\"WebPage\",\"@id\":\"https:\/\/heads.pl\/en\/service\/\",\"url\":\"https:\/\/heads.pl\/en\/service\/\",\"name\":\"Service - Heads\",\"isPartOf\":{\"@id\":\"https:\/\/heads.pl\/en\/#website\"},\"datePublished\":\"2019-05-21T11:17:09+00:00\",\"dateModified\":\"2023-04-04T11:51:39+00:00\",\"breadcrumb\":{\"@id\":\"https:\/\/heads.pl\/en\/service\/#breadcrumb\"},\"inLanguage\":\"en-US\",\"potentialAction\":[{\"@type\":\"ReadAction\",\"target\":[\"https:\/\/heads.pl\/en\/service\/\"]}]},{\"@type\":\"BreadcrumbList\",\"@id\":\"https:\/\/heads.pl\/en\/service\/#breadcrumb\",\"itemListElement\":[{\"@type\":\"ListItem\",\"position\":1,\"name\":\"Strona g\u0142\u00f3wna\",\"item\":\"https:\/\/heads.pl\/en\/new_home\/\"},{\"@type\":\"ListItem\",\"position\":2,\"name\":\"Service\"}]},{\"@type\":\"WebSite\",\"@id\":\"https:\/\/heads.pl\/en\/#website\",\"url\":\"https:\/\/heads.pl\/en\/\",\"name\":\"Heads\",\"description\":\"Tw\u00f3j partner w projektach bezwykopowych\",\"potentialAction\":[{\"@type\":\"SearchAction\",\"target\":{\"@type\":\"EntryPoint\",\"urlTemplate\":\"https:\/\/heads.pl\/en\/?s={search_term_string}\"},\"query-input\":{\"@type\":\"PropertyValueSpecification\",\"valueRequired\":true,\"valueName\":\"search_term_string\"}}],\"inLanguage\":\"en-US\"}]}<\/script>\n<!-- \/ Yoast SEO plugin. -->","yoast_head_json":{"title":"Service - Heads","robots":{"index":"index","follow":"follow","max-snippet":"max-snippet:-1","max-image-preview":"max-image-preview:large","max-video-preview":"max-video-preview:-1"},"canonical":"https:\/\/heads.pl\/en\/service\/","og_locale":"en_US","og_type":"article","og_title":"Service - Heads","og_description":"[vc_row row_height_percent=&#8221;0&#8243; override_padding=&#8221;yes&#8221; h_padding=&#8221;2&#8243; top_padding=&#8221;3&#8243; bottom_padding=&#8221;3&#8243; back_color=&#8221;color-650789&#8243; overlay_alpha=&#8221;50&#8243; gutter_size=&#8221;3&#8243; column_width_percent=&#8221;100&#8243; border_color=&#8221;color-xsdn&#8221; border_style=&#8221;solid&#8221; shift_y=&#8221;0&#8243; z_index=&#8221;0&#8243; css=&#8221;.vc_custom_1568189287607{border-top-width: 18px !important;}&#8221;][vc_column column_width_percent=&#8221;100&#8243; position_vertical=&#8221;middle&#8221; gutter_size=&#8221;3&#8243; [&hellip;]","og_url":"https:\/\/heads.pl\/en\/service\/","og_site_name":"Heads","article_modified_time":"2023-04-04T11:51:39+00:00","twitter_card":"summary_large_image","twitter_misc":{"Est. reading time":"8 minutes"},"schema":{"@context":"https:\/\/schema.org","@graph":[{"@type":"WebPage","@id":"https:\/\/heads.pl\/en\/service\/","url":"https:\/\/heads.pl\/en\/service\/","name":"Service - Heads","isPartOf":{"@id":"https:\/\/heads.pl\/en\/#website"},"datePublished":"2019-05-21T11:17:09+00:00","dateModified":"2023-04-04T11:51:39+00:00","breadcrumb":{"@id":"https:\/\/heads.pl\/en\/service\/#breadcrumb"},"inLanguage":"en-US","potentialAction":[{"@type":"ReadAction","target":["https:\/\/heads.pl\/en\/service\/"]}]},{"@type":"BreadcrumbList","@id":"https:\/\/heads.pl\/en\/service\/#breadcrumb","itemListElement":[{"@type":"ListItem","position":1,"name":"Strona g\u0142\u00f3wna","item":"https:\/\/heads.pl\/en\/new_home\/"},{"@type":"ListItem","position":2,"name":"Service"}]},{"@type":"WebSite","@id":"https:\/\/heads.pl\/en\/#website","url":"https:\/\/heads.pl\/en\/","name":"Heads","description":"Tw\u00f3j partner w projektach bezwykopowych","potentialAction":[{"@type":"SearchAction","target":{"@type":"EntryPoint","urlTemplate":"https:\/\/heads.pl\/en\/?s={search_term_string}"},"query-input":{"@type":"PropertyValueSpecification","valueRequired":true,"valueName":"search_term_string"}}],"inLanguage":"en-US"}]}},"_links":{"self":[{"href":"https:\/\/heads.pl\/en\/wp-json\/wp\/v2\/pages\/81510","targetHints":{"allow":["GET"]}}],"collection":[{"href":"https:\/\/heads.pl\/en\/wp-json\/wp\/v2\/pages"}],"about":[{"href":"https:\/\/heads.pl\/en\/wp-json\/wp\/v2\/types\/page"}],"author":[{"embeddable":true,"href":"https:\/\/heads.pl\/en\/wp-json\/wp\/v2\/users\/1"}],"replies":[{"embeddable":true,"href":"https:\/\/heads.pl\/en\/wp-json\/wp\/v2\/comments?post=81510"}],"version-history":[{"count":0,"href":"https:\/\/heads.pl\/en\/wp-json\/wp\/v2\/pages\/81510\/revisions"}],"wp:attachment":[{"href":"https:\/\/heads.pl\/en\/wp-json\/wp\/v2\/media?parent=81510"}],"curies":[{"name":"wp","href":"https:\/\/api.w.org\/{rel}","templated":true}]}}