{"id":81508,"date":"2019-05-21T13:19:51","date_gmt":"2019-05-21T11:19:51","guid":{"rendered":"https:\/\/heads.pl\/kontakt\/"},"modified":"2023-01-17T16:12:24","modified_gmt":"2023-01-17T15:12:24","slug":"contact","status":"publish","type":"page","link":"https:\/\/heads.pl\/en\/contact\/","title":{"rendered":"Contact"},"content":{"rendered":"<div class=\"wpb-content-wrapper\"><p>[vc_row row_height_percent=&#8221;0&#8243; override_padding=&#8221;yes&#8221; h_padding=&#8221;2&#8243; top_padding=&#8221;3&#8243; bottom_padding=&#8221;2&#8243; overlay_alpha=&#8221;50&#8243; gutter_size=&#8221;3&#8243; column_width_percent=&#8221;100&#8243; border_color=&#8221;color-xsdn&#8221; border_style=&#8221;solid&#8221; shift_y=&#8221;0&#8243; z_index=&#8221;0&#8243; css=&#8221;.vc_custom_1558531154336{border-top-width: 18px !important;}&#8221;][vc_column column_width_percent=&#8221;100&#8243; position_vertical=&#8221;middle&#8221; gutter_size=&#8221;3&#8243; overlay_alpha=&#8221;50&#8243; border_color=&#8221;color-gyho&#8221; border_style=&#8221;solid&#8221; shift_x=&#8221;0&#8243; shift_y=&#8221;0&#8243; shift_y_down=&#8221;0&#8243; z_index=&#8221;0&#8243; medium_width=&#8221;0&#8243; mobile_width=&#8221;0&#8243; width=&#8221;1\/3&#8243; css=&#8221;.vc_custom_1559287357043{border-right-width: 1px !important;padding-right: 30px !important;}&#8221;][vc_custom_heading text_color=&#8221;color-156426&#8243; heading_semantic=&#8221;h3&#8243; text_font=&#8221;font-555555&#8243; text_size=&#8221;30&#8243; text_weight=&#8221;900&#8243; text_transform=&#8221;uppercase&#8221; sub_lead=&#8221;yes&#8221; sub_reduced=&#8221;yes&#8221; uncode_shortcode_id=&#8221;206597&#8243; text_color_type=&#8221;uncode-palette&#8221;]Contact[\/vc_custom_heading][\/vc_column][vc_column column_width_percent=&#8221;100&#8243; position_vertical=&#8221;middle&#8221; gutter_size=&#8221;3&#8243; overlay_alpha=&#8221;50&#8243; shift_x=&#8221;0&#8243; shift_y=&#8221;0&#8243; shift_y_down=&#8221;0&#8243; z_index=&#8221;0&#8243; medium_width=&#8221;0&#8243; mobile_width=&#8221;0&#8243; width=&#8221;2\/3&#8243;][vc_custom_heading heading_semantic=&#8221;h3&#8243; text_size=&#8221;h3&#8243; text_weight=&#8221;200&#8243; desktop_visibility=&#8221;yes&#8221; medium_visibility=&#8221;yes&#8221; mobile_visibility=&#8221;yes&#8221; uncode_shortcode_id=&#8221;192713&#8243;]If you like to cooperate with our company or if you have any additonal questions &#8211; please, do not to hesitate contact with us.<br \/>\nOrders faxed (+ 48 12 269 25 88) sent to Krakow or e-mailed:\u00a0<span id=\"\"><a href=\"mailto:heads@heads.com.pl\">heads@heads.com.pl<\/a><\/span>[\/vc_custom_heading][\/vc_column][\/vc_row][vc_row row_height_percent=&#8221;0&#8243; overlay_alpha=&#8221;50&#8243; gutter_size=&#8221;3&#8243; column_width_percent=&#8221;100&#8243; shift_y=&#8221;0&#8243; z_index=&#8221;0&#8243; desktop_visibility=&#8221;yes&#8221; medium_visibility=&#8221;yes&#8221; mobile_visibility=&#8221;yes&#8221; uncode_shortcode_id=&#8221;103300&#8243;][vc_column width=&#8221;1\/1&#8243;][vc_column_text uncode_shortcode_id=&#8221;148565&#8243;]Biuro firmy HEADS jest otwarte codziennie od poniedzia\u0142ku do pi\u0105tku w godzinach od 8.00 do 16.00. Pracownicy naszej firmy s\u0105 do Pa\u0144stwa dyspozycji i ch\u0119tnie udziel\u0105 Pa\u0144stwu wyczerpuj\u0105cej informacji.<\/p>\n<p><strong>Telefon: <\/strong>+ 48 12 269 05 68 | <strong>FAX: <\/strong>+ 48 12 269 25 88\u00a0 | <strong>e-mail:<\/strong> <span id=\"cloak11238\"><a href=\"mailto:heads@heads.com.pl\">heads@heads.com.pl<\/a><\/span><\/p>\n<p>telefony kom\u00f3rkowe:<br \/>\n+ 48 601 91 30 04 \u00a0 \u00a0Krzysztof Czudec<br \/>\n+ 48 607 45 55 39 \u00a0 \u00a0Rafa\u0142 Le\u015bniak \u00a0 \u00a0 \u00a0 \u00a0 \u00a0 \u00a0\u00a0<span id=\"cloak33450\"><a href=\"mailto:rafal@heads.com.pl\">rafal@heads.com.pl<\/a><\/span><br \/>\n+ 48 601 50 39 86 \u00a0 \u00a0Krzysztof D\u0119bicki \u00a0 \u00a0\u00a0 <span id=\"cloak19023\"><a href=\"mailto:k.debicki@heads.com.pl\">k.debicki @heads.com.pl<\/a><\/span><br \/>\n+ 48 784 98 06 30 \u00a0 \u00a0Dawid Sys\u0142o \u00a0 \u00a0 \u00a0 \u00a0 \u00a0 \u00a0 \u00a0<span id=\"cloak19866\"><a href=\"mailto:dawid.syslo@heads.com.pl\">dawid.syslo @heads.com.pl<\/a><\/span><br \/>\n+ 48 728 43 13 63 \u00a0 \u00a0Aleksander O\u015bnicki \u00a0 <span id=\"cloak17836\"><a href=\"mailto:aleksander.osnicki@heads.com.pl\">aleksander.osnicki @heads.com.pl<\/a><\/span><br \/>\n+ 48 508 07 27 37\u00a0 \u00a0 Sebastian Ptak\u00a0 \u00a0 \u00a0 \u00a0 \u00a0\u00a0<span id=\"cloak81914\"><a href=\"mailto:s.ptak@heads.com.pl\">s.ptak@heads.com.pl<\/a><br \/>\n+ 48 728 43 13 52\u00a0 \u00a0 Konrad Mo\u017cd\u017ce\u0144\u00a0 \u00a0 \u00a0 <a href=\"mailto:k.mozdzen@heads.com.pl\">k.mozdzen@heads.com.pl<\/a><br \/>\n<\/span><\/p>\n<p>Dyrektor sprzeda\u017cy Urz\u0105dze\u0144 AT-Boretec:<\/p>\n<p>+ 48 784 98 06 30\u00a0 \u00a0 Dawid Sys\u0142o \u00a0 \u00a0 \u00a0 \u00a0<span id=\"cloak35178\">\u00a0 \u00a0 \u00a0 <a href=\"mailto:dawid.syslo@heads.com.pl\">dawid.syslo@heads.com.pl<\/a><\/span>[\/vc_column_text][\/vc_column][\/vc_row][vc_row row_height_percent=&#8221;0&#8243; overlay_alpha=&#8221;50&#8243; gutter_size=&#8221;3&#8243; column_width_percent=&#8221;100&#8243; shift_y=&#8221;0&#8243; z_index=&#8221;0&#8243; uncode_shortcode_id=&#8221;589891&#8243;][vc_column width=&#8221;1\/1&#8243;][vc_column_text uncode_shortcode_id=&#8221;234043&#8243;]HEADS&#8217;s office is open daily from Monday to Friday, between 8.00 and 16.00. Our employees are at your disposal to provide you with comprehensive information.<\/p>\n<p><strong>Tel: <\/strong>+ 48 12 269 05 68 | <strong>FAX: <\/strong>+ 48 12 269 25 88\u00a0 | <strong>e-mail:<\/strong> <span id=\"cloak11238\"><a href=\"mailto:heads@heads.com.pl\">heads@heads.com.pl<\/a><\/span><\/p>\n<p>Mobile phone:<\/p>\n<div class=\"tg-wrap tabela-kontakt\">\n<table>\n<tbody>\n<tr>\n<td>+ 48 601 91 30 04<\/td>\n<td>Krzysztof Czudec<\/td>\n<td><\/td>\n<\/tr>\n<tr>\n<td>+ 48 607 45 55 39<\/td>\n<td>Rafa\u0142 Le\u015bniak<\/td>\n<td><a href=\"mailto:rafal@heads.com.pl\">rafal@heads.com.pl<\/a><\/td>\n<\/tr>\n<tr>\n<td>+ 48 601 50 39 86<\/td>\n<td>Krzysztof D\u0119bicki<\/td>\n<td><a href=\"mailto:k.debicki@heads.com.pl\">k.debicki@heads.com.pl<\/a><\/td>\n<\/tr>\n<tr>\n<td>+ 48 784 98 06 30<\/td>\n<td>Dawid Sys\u0142o<\/td>\n<td><a href=\"mailto:dawid.syslo@heads.com.pl\">dawid.syslo@heads.com.pl<\/a><\/td>\n<\/tr>\n<tr>\n<td>+ 48 728 43 13 63<\/td>\n<td>Aleksander O\u015bnicki<\/td>\n<td><a href=\"mailto:aleksander.osnicki@heads.com.pl\">aleksander.osnicki@heads.com.pl<\/a><\/td>\n<\/tr>\n<tr>\n<td>+ 48 508 07 27 37<\/td>\n<td>Sebastian Ptak<\/td>\n<td><a href=\"mailto:s.ptak@heads.com.pl\">s.ptak@heads.com.pl<\/a><\/td>\n<\/tr>\n<tr>\n<td>+ 48 728 43 13 52<\/td>\n<td>Konrad Mo\u017cd\u017ce\u0144<\/td>\n<td><a href=\"mailto:k.mozdzen@heads.com.pl\">k.mozdzen@heads.com.pl<\/a><\/td>\n<\/tr>\n<\/tbody>\n<\/table>\n<\/div>\n<p>Director of sales HDD AT Boretec:<\/p>\n<div class=\"tg-wrap tabela-kontakt\">\n<table>\n<tbody>\n<tr>\n<td>+ 48 784 98 06 30<\/td>\n<td>Dawid Sys\u0142o<\/td>\n<td><a href=\"mailto:dawid.syslo@heads.com.pl\">dawid.syslo@heads.com.pl<\/a><\/td>\n<\/tr>\n<\/tbody>\n<\/table>\n<\/div>\n<p>[\/vc_column_text][\/vc_column][\/vc_row][vc_row row_height_percent=&#8221;0&#8243; override_padding=&#8221;yes&#8221; h_padding=&#8221;2&#8243; top_padding=&#8221;2&#8243; bottom_padding=&#8221;2&#8243; overlay_alpha=&#8221;50&#8243; gutter_size=&#8221;3&#8243; column_width_percent=&#8221;100&#8243; shift_y=&#8221;0&#8243; z_index=&#8221;0&#8243; desktop_visibility=&#8221;yes&#8221; medium_visibility=&#8221;yes&#8221; mobile_visibility=&#8221;yes&#8221; uncode_shortcode_id=&#8221;166653&#8243;][vc_column column_width_percent=&#8221;100&#8243; position_vertical=&#8221;middle&#8221; gutter_size=&#8221;3&#8243; overlay_alpha=&#8221;50&#8243; border_color=&#8221;color-gyho&#8221; border_style=&#8221;solid&#8221; shift_x=&#8221;0&#8243; shift_y=&#8221;0&#8243; shift_y_down=&#8221;0&#8243; z_index=&#8221;0&#8243; medium_width=&#8221;0&#8243; mobile_width=&#8221;0&#8243; width=&#8221;1\/4&#8243; css=&#8221;.vc_custom_1559729358170{border-right-width: 1px !important;}&#8221;][vc_custom_heading text_color=&#8221;color-156426&#8243; heading_semantic=&#8221;h3&#8243; text_font=&#8221;font-555555&#8243; text_size=&#8221;fontsize-181739&#8243; text_weight=&#8221;900&#8243; text_transform=&#8221;uppercase&#8221; sub_lead=&#8221;yes&#8221; sub_reduced=&#8221;yes&#8221; uncode_shortcode_id=&#8221;202483&#8243; text_color_type=&#8221;uncode-palette&#8221;]Office:[\/vc_custom_heading][\/vc_column][vc_column column_width_percent=&#8221;100&#8243; position_vertical=&#8221;middle&#8221; gutter_size=&#8221;3&#8243; overlay_alpha=&#8221;50&#8243; shift_x=&#8221;0&#8243; shift_y=&#8221;0&#8243; shift_y_down=&#8221;0&#8243; z_index=&#8221;0&#8243; medium_width=&#8221;0&#8243; mobile_width=&#8221;0&#8243; width=&#8221;1\/4&#8243;][vc_column_text]<strong>HEADS Sp\u00f3\u0142ka z o.o.<\/strong><br \/>\nul. Piastowska 21, 30-065 Krak\u00f3w<br \/>\ne-mail: <span id=\"cloak86336\"><a href=\"mailto:heads@heads.com.pl\">heads@heads.com.pl<\/a><\/span>[\/vc_column_text][\/vc_column][vc_column column_width_percent=&#8221;100&#8243; position_vertical=&#8221;middle&#8221; gutter_size=&#8221;3&#8243; overlay_alpha=&#8221;50&#8243; border_color=&#8221;color-gyho&#8221; border_style=&#8221;solid&#8221; shift_x=&#8221;0&#8243; shift_y=&#8221;0&#8243; shift_y_down=&#8221;0&#8243; z_index=&#8221;0&#8243; medium_width=&#8221;0&#8243; mobile_width=&#8221;0&#8243; width=&#8221;1\/4&#8243; css=&#8221;.vc_custom_1559729371241{border-right-width: 1px !important;}&#8221;][vc_custom_heading text_color=&#8221;color-156426&#8243; heading_semantic=&#8221;h3&#8243; text_font=&#8221;font-555555&#8243; text_size=&#8221;fontsize-181739&#8243; text_weight=&#8221;900&#8243; text_transform=&#8221;uppercase&#8221; sub_lead=&#8221;yes&#8221; sub_reduced=&#8221;yes&#8221; uncode_shortcode_id=&#8221;719530&#8243; text_color_type=&#8221;uncode-palette&#8221;]Bentonite plant and warehouse:[\/vc_custom_heading][\/vc_column][vc_column column_width_percent=&#8221;100&#8243; position_vertical=&#8221;middle&#8221; gutter_size=&#8221;3&#8243; overlay_alpha=&#8221;50&#8243; shift_x=&#8221;0&#8243; shift_y=&#8221;0&#8243; shift_y_down=&#8221;0&#8243; z_index=&#8221;0&#8243; medium_width=&#8221;0&#8243; mobile_width=&#8221;0&#8243; width=&#8221;1\/4&#8243;][vc_column_text uncode_shortcode_id=&#8221;429132&#8243;]<strong>Korzeni\u00f3w 42A, 39-203 Nagoszyn<\/strong><br \/>\ne-mail: <a href=\"mailto:heko@bentonit.pl\">heko@bentonit.pl<\/a><br \/>\nwww.bentonit.pl[\/vc_column_text][\/vc_column][\/vc_row][vc_row unlock_row_content=&#8221;yes&#8221; row_height_percent=&#8221;0&#8243; override_padding=&#8221;yes&#8221; h_padding=&#8221;2&#8243; top_padding=&#8221;2&#8243; bottom_padding=&#8221;2&#8243; overlay_alpha=&#8221;50&#8243; gutter_size=&#8221;3&#8243; column_width_percent=&#8221;100&#8243; shift_y=&#8221;0&#8243; z_index=&#8221;0&#8243; uncode_shortcode_id=&#8221;920812&#8243;][vc_column column_width_percent=&#8221;100&#8243; position_vertical=&#8221;middle&#8221; gutter_size=&#8221;3&#8243; overlay_alpha=&#8221;50&#8243; border_color=&#8221;color-gyho&#8221; border_style=&#8221;solid&#8221; shift_x=&#8221;0&#8243; shift_y=&#8221;0&#8243; shift_y_down=&#8221;0&#8243; z_index=&#8221;0&#8243; medium_width=&#8221;0&#8243; mobile_width=&#8221;0&#8243; width=&#8221;1\/2&#8243; uncode_shortcode_id=&#8221;164203&#8243; border_color_type=&#8221;uncode-palette&#8221;][vc_row_inner row_inner_height_percent=&#8221;0&#8243; overlay_alpha=&#8221;50&#8243; gutter_size=&#8221;2&#8243; shift_y=&#8221;0&#8243; z_index=&#8221;0&#8243; uncode_shortcode_id=&#8221;600376&#8243;][vc_column_inner width=&#8221;1\/6&#8243;][\/vc_column_inner][vc_column_inner column_width_percent=&#8221;100&#8243; position_vertical=&#8221;middle&#8221; gutter_size=&#8221;3&#8243; overlay_alpha=&#8221;50&#8243; shift_x=&#8221;0&#8243; shift_y=&#8221;0&#8243; shift_y_down=&#8221;0&#8243; z_index=&#8221;0&#8243; medium_width=&#8221;0&#8243; mobile_width=&#8221;0&#8243; width=&#8221;1\/4&#8243; uncode_shortcode_id=&#8221;251566&#8243;][vc_custom_heading text_color=&#8221;color-156426&#8243; heading_semantic=&#8221;h3&#8243; text_font=&#8221;font-555555&#8243; text_size=&#8221;fontsize-181739&#8243; text_weight=&#8221;900&#8243; text_transform=&#8221;uppercase&#8221; sub_lead=&#8221;yes&#8221; sub_reduced=&#8221;yes&#8221; uncode_shortcode_id=&#8221;610849&#8243; text_color_type=&#8221;uncode-palette&#8221;]Office:[\/vc_custom_heading][\/vc_column_inner][vc_column_inner width=&#8221;1\/4&#8243;][vc_column_text uncode_shortcode_id=&#8221;117868&#8243;]<strong>HEADS Sp\u00f3\u0142ka z o.o.<\/strong><br \/>\nul. Piastowska 21,<br \/>\n30-065 Krak\u00f3w<br \/>\ne-mail: <span id=\"cloak86336\"><a href=\"mailto:heads@heads.com.pl\">heads@heads.com.pl<\/a><\/span>[\/vc_column_text][\/vc_column_inner][vc_column_inner width=&#8221;1\/6&#8243;][\/vc_column_inner][\/vc_row_inner][\/vc_column][vc_column width=&#8221;1\/2&#8243;][vc_row_inner][vc_column_inner width=&#8221;1\/6&#8243;][\/vc_column_inner][vc_column_inner column_width_percent=&#8221;100&#8243; position_vertical=&#8221;middle&#8221; gutter_size=&#8221;3&#8243; overlay_alpha=&#8221;50&#8243; shift_x=&#8221;0&#8243; shift_y=&#8221;0&#8243; shift_y_down=&#8221;0&#8243; z_index=&#8221;0&#8243; medium_width=&#8221;0&#8243; mobile_width=&#8221;0&#8243; width=&#8221;1\/4&#8243; uncode_shortcode_id=&#8221;339453&#8243;][vc_custom_heading text_color=&#8221;color-156426&#8243; heading_semantic=&#8221;h3&#8243; text_font=&#8221;font-555555&#8243; text_size=&#8221;fontsize-181739&#8243; text_weight=&#8221;900&#8243; text_transform=&#8221;uppercase&#8221; sub_lead=&#8221;yes&#8221; sub_reduced=&#8221;yes&#8221; uncode_shortcode_id=&#8221;499225&#8243; text_color_type=&#8221;uncode-palette&#8221;]Bentonite plant and warehouse:[\/vc_custom_heading][\/vc_column_inner][vc_column_inner width=&#8221;1\/4&#8243;][vc_column_text uncode_shortcode_id=&#8221;209663&#8243;]<strong>Korzeni\u00f3w 42A, 39-203 Nagoszyn<\/strong><br \/>\ne-mail: <a href=\"mailto:heko@bentonit.pl\">heko@bentonit.pl<\/a><br \/>\n<a href=\"http:\/\/www.bentonit.pl\/\">www.bentonit.pl<\/a>[\/vc_column_text][\/vc_column_inner][vc_column_inner width=&#8221;1\/6&#8243;][\/vc_column_inner][\/vc_row_inner][\/vc_column][\/vc_row][vc_row unlock_row_content=&#8221;yes&#8221; row_height_percent=&#8221;0&#8243; override_padding=&#8221;yes&#8221; h_padding=&#8221;0&#8243; top_padding=&#8221;2&#8243; bottom_padding=&#8221;2&#8243; overlay_alpha=&#8221;50&#8243; gutter_size=&#8221;3&#8243; column_width_percent=&#8221;100&#8243; shift_y=&#8221;0&#8243; z_index=&#8221;0&#8243;][vc_column column_width_percent=&#8221;100&#8243; gutter_size=&#8221;3&#8243; overlay_alpha=&#8221;50&#8243; shift_x=&#8221;0&#8243; shift_y=&#8221;0&#8243; shift_y_down=&#8221;0&#8243; z_index=&#8221;0&#8243; medium_width=&#8221;0&#8243; mobile_width=&#8221;0&#8243; width=&#8221;1\/2&#8243;][vc_gmaps latlon=&#8221;50.0639363,19.9028365&#8243; map_color=&#8221;color-156426&#8243; ui_color=&#8221;color-156426&#8243; zoom=&#8221;16&#8243; map_saturation=&#8221;-20&#8243; map_brightness=&#8221;5&#8243; address=&#8221;ul. Piastowska 21, 30-065 Krak\u00f3w&#8221;][\/vc_column][vc_column width=&#8221;1\/2&#8243;][vc_gmaps latlon=&#8221;50.1465444, 21.4383934&#8243; map_color=&#8221;color-156426&#8243; ui_color=&#8221;color-156426&#8243; zoom=&#8221;14&#8243; map_saturation=&#8221;-20&#8243; map_brightness=&#8221;5&#8243; address=&#8221;Korzeni\u00f3w 42A, 39-203 Nagoszyn&#8221;][\/vc_column][\/vc_row][vc_row][vc_column width=&#8221;1\/1&#8243;][uncode_block id=&#8221;80918&#8243;][\/vc_column][\/vc_row]<\/p>\n<\/div>","protected":false},"excerpt":{"rendered":"<p>[vc_row row_height_percent=&#8221;0&#8243; override_padding=&#8221;yes&#8221; h_padding=&#8221;2&#8243; top_padding=&#8221;3&#8243; bottom_padding=&#8221;2&#8243; overlay_alpha=&#8221;50&#8243; gutter_size=&#8221;3&#8243; column_width_percent=&#8221;100&#8243; border_color=&#8221;color-xsdn&#8221; border_style=&#8221;solid&#8221; shift_y=&#8221;0&#8243; z_index=&#8221;0&#8243; css=&#8221;.vc_custom_1558531154336{border-top-width: 18px !important;}&#8221;][vc_column column_width_percent=&#8221;100&#8243; position_vertical=&#8221;middle&#8221; gutter_size=&#8221;3&#8243; overlay_alpha=&#8221;50&#8243; [&hellip;]<\/p>\n","protected":false},"author":1,"featured_media":0,"parent":0,"menu_order":0,"comment_status":"closed","ping_status":"closed","template":"","meta":{"footnotes":""},"class_list":["post-81508","page","type-page","status-publish","hentry"],"yoast_head":"<!-- This site is optimized with the Yoast SEO plugin v26.5 - https:\/\/yoast.com\/wordpress\/plugins\/seo\/ -->\n<title>Contact - Heads<\/title>\n<meta name=\"robots\" content=\"index, follow, max-snippet:-1, max-image-preview:large, max-video-preview:-1\" \/>\n<link rel=\"canonical\" href=\"https:\/\/heads.pl\/en\/contact\/\" \/>\n<meta property=\"og:locale\" content=\"en_US\" \/>\n<meta property=\"og:type\" content=\"article\" \/>\n<meta property=\"og:title\" content=\"Contact - Heads\" \/>\n<meta property=\"og:description\" content=\"[vc_row row_height_percent=&#8221;0&#8243; override_padding=&#8221;yes&#8221; h_padding=&#8221;2&#8243; top_padding=&#8221;3&#8243; bottom_padding=&#8221;2&#8243; overlay_alpha=&#8221;50&#8243; gutter_size=&#8221;3&#8243; column_width_percent=&#8221;100&#8243; border_color=&#8221;color-xsdn&#8221; border_style=&#8221;solid&#8221; shift_y=&#8221;0&#8243; z_index=&#8221;0&#8243; css=&#8221;.vc_custom_1558531154336{border-top-width: 18px !important;}&#8221;][vc_column column_width_percent=&#8221;100&#8243; position_vertical=&#8221;middle&#8221; gutter_size=&#8221;3&#8243; overlay_alpha=&#8221;50&#8243; [&hellip;]\" \/>\n<meta property=\"og:url\" content=\"https:\/\/heads.pl\/en\/contact\/\" \/>\n<meta property=\"og:site_name\" content=\"Heads\" \/>\n<meta property=\"article:modified_time\" content=\"2023-01-17T15:12:24+00:00\" \/>\n<meta name=\"twitter:card\" content=\"summary_large_image\" \/>\n<meta name=\"twitter:label1\" content=\"Est. reading time\" \/>\n\t<meta name=\"twitter:data1\" content=\"6 minutes\" \/>\n<script type=\"application\/ld+json\" class=\"yoast-schema-graph\">{\"@context\":\"https:\/\/schema.org\",\"@graph\":[{\"@type\":\"WebPage\",\"@id\":\"https:\/\/heads.pl\/en\/contact\/\",\"url\":\"https:\/\/heads.pl\/en\/contact\/\",\"name\":\"Contact - Heads\",\"isPartOf\":{\"@id\":\"https:\/\/heads.pl\/en\/#website\"},\"datePublished\":\"2019-05-21T11:19:51+00:00\",\"dateModified\":\"2023-01-17T15:12:24+00:00\",\"breadcrumb\":{\"@id\":\"https:\/\/heads.pl\/en\/contact\/#breadcrumb\"},\"inLanguage\":\"en-US\",\"potentialAction\":[{\"@type\":\"ReadAction\",\"target\":[\"https:\/\/heads.pl\/en\/contact\/\"]}]},{\"@type\":\"BreadcrumbList\",\"@id\":\"https:\/\/heads.pl\/en\/contact\/#breadcrumb\",\"itemListElement\":[{\"@type\":\"ListItem\",\"position\":1,\"name\":\"Strona g\u0142\u00f3wna\",\"item\":\"https:\/\/heads.pl\/en\/new_home\/\"},{\"@type\":\"ListItem\",\"position\":2,\"name\":\"Contact\"}]},{\"@type\":\"WebSite\",\"@id\":\"https:\/\/heads.pl\/en\/#website\",\"url\":\"https:\/\/heads.pl\/en\/\",\"name\":\"Heads\",\"description\":\"Tw\u00f3j partner w projektach bezwykopowych\",\"potentialAction\":[{\"@type\":\"SearchAction\",\"target\":{\"@type\":\"EntryPoint\",\"urlTemplate\":\"https:\/\/heads.pl\/en\/?s={search_term_string}\"},\"query-input\":{\"@type\":\"PropertyValueSpecification\",\"valueRequired\":true,\"valueName\":\"search_term_string\"}}],\"inLanguage\":\"en-US\"}]}<\/script>\n<!-- \/ Yoast SEO plugin. -->","yoast_head_json":{"title":"Contact - Heads","robots":{"index":"index","follow":"follow","max-snippet":"max-snippet:-1","max-image-preview":"max-image-preview:large","max-video-preview":"max-video-preview:-1"},"canonical":"https:\/\/heads.pl\/en\/contact\/","og_locale":"en_US","og_type":"article","og_title":"Contact - Heads","og_description":"[vc_row row_height_percent=&#8221;0&#8243; override_padding=&#8221;yes&#8221; h_padding=&#8221;2&#8243; top_padding=&#8221;3&#8243; bottom_padding=&#8221;2&#8243; overlay_alpha=&#8221;50&#8243; gutter_size=&#8221;3&#8243; column_width_percent=&#8221;100&#8243; border_color=&#8221;color-xsdn&#8221; border_style=&#8221;solid&#8221; shift_y=&#8221;0&#8243; z_index=&#8221;0&#8243; css=&#8221;.vc_custom_1558531154336{border-top-width: 18px !important;}&#8221;][vc_column column_width_percent=&#8221;100&#8243; position_vertical=&#8221;middle&#8221; gutter_size=&#8221;3&#8243; overlay_alpha=&#8221;50&#8243; [&hellip;]","og_url":"https:\/\/heads.pl\/en\/contact\/","og_site_name":"Heads","article_modified_time":"2023-01-17T15:12:24+00:00","twitter_card":"summary_large_image","twitter_misc":{"Est. reading time":"6 minutes"},"schema":{"@context":"https:\/\/schema.org","@graph":[{"@type":"WebPage","@id":"https:\/\/heads.pl\/en\/contact\/","url":"https:\/\/heads.pl\/en\/contact\/","name":"Contact - Heads","isPartOf":{"@id":"https:\/\/heads.pl\/en\/#website"},"datePublished":"2019-05-21T11:19:51+00:00","dateModified":"2023-01-17T15:12:24+00:00","breadcrumb":{"@id":"https:\/\/heads.pl\/en\/contact\/#breadcrumb"},"inLanguage":"en-US","potentialAction":[{"@type":"ReadAction","target":["https:\/\/heads.pl\/en\/contact\/"]}]},{"@type":"BreadcrumbList","@id":"https:\/\/heads.pl\/en\/contact\/#breadcrumb","itemListElement":[{"@type":"ListItem","position":1,"name":"Strona g\u0142\u00f3wna","item":"https:\/\/heads.pl\/en\/new_home\/"},{"@type":"ListItem","position":2,"name":"Contact"}]},{"@type":"WebSite","@id":"https:\/\/heads.pl\/en\/#website","url":"https:\/\/heads.pl\/en\/","name":"Heads","description":"Tw\u00f3j partner w projektach bezwykopowych","potentialAction":[{"@type":"SearchAction","target":{"@type":"EntryPoint","urlTemplate":"https:\/\/heads.pl\/en\/?s={search_term_string}"},"query-input":{"@type":"PropertyValueSpecification","valueRequired":true,"valueName":"search_term_string"}}],"inLanguage":"en-US"}]}},"_links":{"self":[{"href":"https:\/\/heads.pl\/en\/wp-json\/wp\/v2\/pages\/81508","targetHints":{"allow":["GET"]}}],"collection":[{"href":"https:\/\/heads.pl\/en\/wp-json\/wp\/v2\/pages"}],"about":[{"href":"https:\/\/heads.pl\/en\/wp-json\/wp\/v2\/types\/page"}],"author":[{"embeddable":true,"href":"https:\/\/heads.pl\/en\/wp-json\/wp\/v2\/users\/1"}],"replies":[{"embeddable":true,"href":"https:\/\/heads.pl\/en\/wp-json\/wp\/v2\/comments?post=81508"}],"version-history":[{"count":0,"href":"https:\/\/heads.pl\/en\/wp-json\/wp\/v2\/pages\/81508\/revisions"}],"wp:attachment":[{"href":"https:\/\/heads.pl\/en\/wp-json\/wp\/v2\/media?parent=81508"}],"curies":[{"name":"wp","href":"https:\/\/api.w.org\/{rel}","templated":true}]}}